{"id":8,"date":"2019-12-27T22:49:43","date_gmt":"2019-12-27T21:49:43","guid":{"rendered":"http:\/\/krusz-bud.com\/?page_id=8"},"modified":"2022-10-18T17:10:45","modified_gmt":"2022-10-18T15:10:45","slug":"home","status":"publish","type":"page","link":"https:\/\/krusz-bud.com\/","title":{"rendered":"O nas"},"content":{"rendered":"\n<p>         Firma Krusz-bud jest wieloletni\u0105 rodzinn\u0105 firm\u0105, kt\u00f3ra powsta\u0142a 1992 roku. Ten czas pozwoli\u0142 nam nabra\u0107 do\u015bwiadczenia i s\u0142u\u017cy\u0107 naszym klientom doradztwem technicznym. Miejsce jakie tworzymy i staramy si\u0119 doskonali\u0107 ma na celu zapewnienie Pa\u0144stwu sta\u0142ej, wysokiej jako\u015bci produkt\u00f3w o odpowiednich parametrach, szybkich dostawach oraz konkurencyjnych cenach.  <\/p>\n\n\n\n<p>Posiadamy pe\u0142en asortyment kruszyw.<\/p>\n\n\n\n<p>Obs\u0142ugujemy du\u017ce inwestycje drogowe, budowlane, a tak\u017ce inwestycje zwi\u0105zane z budownictwem mieszkaniowym.<\/p>\n\n\n\n<p>Oferujemy:<\/p>\n\n\n\n<ul class=\"wp-block-list\"><li>kruszywa drogowe &#8211; podsypki<\/li><li>\u017cwir<\/li><li>piasek<\/li><li>posp\u00f3\u0142ka<\/li><li>kruszywa sortowane<\/li><li>transport 10t i 20t<\/li><\/ul>\n","protected":false},"excerpt":{"rendered":"<p>Firma Krusz-bud jest wieloletni\u0105 rodzinn\u0105 firm\u0105, kt\u00f3ra powsta\u0142a 1992 roku. Ten czas pozwoli\u0142 nam nabra\u0107 do\u015bwiadczenia i s\u0142u\u017cy\u0107 naszym klientom doradztwem technicznym. Miejsce jakie tworzymy i staramy si\u0119 doskonali\u0107 ma na celu zapewnienie Pa\u0144stwu sta\u0142ej, wysokiej jako\u015bci produkt\u00f3w o odpowiednich parametrach, szybkich dostawach oraz konkurencyjnych cenach. Posiadamy pe\u0142en asortyment kruszyw. Obs\u0142ugujemy du\u017ce inwestycje drogowe, budowlane, &hellip; <\/p>\n<p class=\"link-more\"><a href=\"https:\/\/krusz-bud.com\/\" class=\"more-link\">Czytaj dalej<span class=\"screen-reader-text\"> \u201eO nas\u201d<\/span><\/a><\/p>\n","protected":false},"author":1,"featured_media":0,"parent":0,"menu_order":0,"comment_status":"closed","ping_status":"closed","template":"","meta":{"footnotes":""},"class_list":["post-8","page","type-page","status-publish","hentry"],"_links":{"self":[{"href":"https:\/\/krusz-bud.com\/index.php?rest_route=\/wp\/v2\/pages\/8","targetHints":{"allow":["GET"]}}],"collection":[{"href":"https:\/\/krusz-bud.com\/index.php?rest_route=\/wp\/v2\/pages"}],"about":[{"href":"https:\/\/krusz-bud.com\/index.php?rest_route=\/wp\/v2\/types\/page"}],"author":[{"embeddable":true,"href":"https:\/\/krusz-bud.com\/index.php?rest_route=\/wp\/v2\/users\/1"}],"replies":[{"embeddable":true,"href":"https:\/\/krusz-bud.com\/index.php?rest_route=%2Fwp%2Fv2%2Fcomments&post=8"}],"version-history":[{"count":6,"href":"https:\/\/krusz-bud.com\/index.php?rest_route=\/wp\/v2\/pages\/8\/revisions"}],"predecessor-version":[{"id":56,"href":"https:\/\/krusz-bud.com\/index.php?rest_route=\/wp\/v2\/pages\/8\/revisions\/56"}],"wp:attachment":[{"href":"https:\/\/krusz-bud.com\/index.php?rest_route=%2Fwp%2Fv2%2Fmedia&parent=8"}],"curies":[{"name":"wp","href":"https:\/\/api.w.org\/{rel}","templated":true}]}}